{"id":387,"date":"2026-02-08T14:24:00","date_gmt":"2026-02-08T14:24:00","guid":{"rendered":"https:\/\/www.patpatnaylonureticisi.com\/?page_id=387"},"modified":"2026-02-09T19:17:04","modified_gmt":"2026-02-09T19:17:04","slug":"shrink-film","status":"publish","type":"page","link":"https:\/\/www.patpatnaylonureticisi.com\/?page_id=387","title":{"rendered":"SHRINK F\u0130LM"},"content":{"rendered":"\t\t<div data-elementor-type=\"wp-page\" data-elementor-id=\"387\" class=\"elementor elementor-387\">\n\t\t\t\t<div class=\"elementor-element elementor-element-93a6ecb e-flex e-con-boxed e-con e-parent\" data-id=\"93a6ecb\" data-element_type=\"container\" data-e-type=\"container\" data-settings=\"{&quot;jet_parallax_layout_list&quot;:[]}\">\n\t\t\t\t\t<div class=\"e-con-inner\">\n\t\t<div class=\"elementor-element elementor-element-f50d896 e-con-full e-flex e-con e-child\" data-id=\"f50d896\" data-element_type=\"container\" data-e-type=\"container\" data-settings=\"{&quot;jet_parallax_layout_list&quot;:[]}\">\n\t\t\t\t<div class=\"elementor-element elementor-element-535e2dd elementor-widget elementor-widget-image-gallery\" data-id=\"535e2dd\" data-element_type=\"widget\" data-e-type=\"widget\" data-widget_type=\"image-gallery.default\">\n\t\t\t\t\t\t\t<div class=\"elementor-image-gallery\">\n\t\t\t<div id='gallery-1' class='gallery galleryid-387 gallery-columns-1 gallery-size-ImageSize500x500'><figure class='gallery-item'>\n\t\t\t<div class='gallery-icon portrait'>\n\t\t\t\t<a data-elementor-open-lightbox=\"yes\" data-elementor-lightbox-slideshow=\"535e2dd\" data-elementor-lightbox-title=\"Gemini_Generated_Image_yv1g7myv1g7myv1g\" data-e-action-hash=\"#elementor-action%3Aaction%3Dlightbox%26settings%3DeyJpZCI6NDM3LCJ1cmwiOiJodHRwczpcL1wvd3d3LnBhdHBhdG5heWxvbnVyZXRpY2lzaS5jb21cL3dwLWNvbnRlbnRcL3VwbG9hZHNcLzIwMjZcLzAyXC9HZW1pbmlfR2VuZXJhdGVkX0ltYWdlX3l2MWc3bXl2MWc3bXl2MWctc2NhbGVkLnBuZyIsInNsaWRlc2hvdyI6IjUzNWUyZGQifQ%3D%3D\" href='https:\/\/www.patpatnaylonureticisi.com\/wp-content\/uploads\/2026\/02\/Gemini_Generated_Image_yv1g7myv1g7myv1g-scaled.png'><img fetchpriority=\"high\" decoding=\"async\" width=\"500\" height=\"500\" src=\"https:\/\/www.patpatnaylonureticisi.com\/wp-content\/uploads\/2026\/02\/Gemini_Generated_Image_yv1g7myv1g7myv1g-500x500.png\" class=\"attachment-Image Size 500x500 size-Image Size 500x500\" alt=\"\" aria-describedby=\"gallery-1-437\" srcset=\"https:\/\/www.patpatnaylonureticisi.com\/wp-content\/uploads\/2026\/02\/Gemini_Generated_Image_yv1g7myv1g7myv1g-500x500.png 500w, https:\/\/www.patpatnaylonureticisi.com\/wp-content\/uploads\/2026\/02\/Gemini_Generated_Image_yv1g7myv1g7myv1g-150x150.png 150w\" sizes=\"(max-width: 500px) 100vw, 500px\" \/><\/a>\n\t\t\t<\/div>\n\t\t\t\t<figcaption class='wp-caption-text gallery-caption' id='gallery-1-437'>\n\t\t\t\tshring\n\t\t\t\t<\/figcaption><\/figure>\n\t\t<\/div>\n\t\t<\/div>\n\t\t\t\t\t\t<\/div>\n\t\t\t\t<\/div>\n\t\t<div class=\"elementor-element elementor-element-9f180e8 e-con-full e-flex e-con e-child\" data-id=\"9f180e8\" data-element_type=\"container\" data-e-type=\"container\" data-settings=\"{&quot;jet_parallax_layout_list&quot;:[]}\">\n\t\t\t\t<div class=\"elementor-element elementor-element-ce3fd50 elementor-widget elementor-widget-heading\" data-id=\"ce3fd50\" data-element_type=\"widget\" data-e-type=\"widget\" data-widget_type=\"heading.default\">\n\t\t\t\t\t<h2 class=\"elementor-heading-title elementor-size-default\">END\u00dcSTR\u0130YEL SHRINK (\u015e\u0130RNK) F\u0130LM RULOSU<\/h2>\t\t\t\t<\/div>\n\t\t\t\t<div class=\"elementor-element elementor-element-ce45e0b elementor-widget elementor-widget-heading\" data-id=\"ce45e0b\" data-element_type=\"widget\" data-e-type=\"widget\" data-widget_type=\"heading.default\">\n\t\t\t\t\t<h3 class=\"elementor-heading-title elementor-size-default\"><p data-path-to-node=\"61\"><i data-path-to-node=\"61\" data-index-in-node=\"0\">(Is\u0131 ile b\u00fcz\u00fc\u015fen paketleme naylonu)<\/i><\/p><\/h3>\t\t\t\t<\/div>\n\t\t\t\t<div class=\"elementor-element elementor-element-101e9c3 elementor-widget elementor-widget-heading\" data-id=\"101e9c3\" data-element_type=\"widget\" data-e-type=\"widget\" data-widget_type=\"heading.default\">\n\t\t\t\t\t<h3 class=\"elementor-heading-title elementor-size-default\">Toptan Sat\u0131\u015f &amp; \u00dcretici Fiyatlar\u0131<\/h3>\t\t\t\t<\/div>\n\t\t\t\t<div class=\"elementor-element elementor-element-fe72c3f elementor-widget elementor-widget-heading\" data-id=\"fe72c3f\" data-element_type=\"widget\" data-e-type=\"widget\" data-widget_type=\"heading.default\">\n\t\t\t\t\t<h3 class=\"elementor-heading-title elementor-size-default\">Is\u0131 t\u00fcnelinden ge\u00e7ti\u011finde \u00fcr\u00fcn\u00fc s\u0131k\u0131ca sar\u0131p \u015feklini alan, paketleme ve gruplama ama\u00e7l\u0131 kullan\u0131lan parlak PE shrink filmler.<\/h3>\t\t\t\t<\/div>\n\t\t\t\t<div class=\"elementor-element elementor-element-eef5ac8 elementor-widget elementor-widget-jet-button\" data-id=\"eef5ac8\" data-element_type=\"widget\" data-e-type=\"widget\" data-widget_type=\"jet-button.default\">\n\t\t\t\t<div class=\"elementor-widget-container\">\n\t\t\t\t\t<div class=\"elementor-jet-button jet-elements\"><div class=\"jet-button__container\">\n\t<a class=\"jet-button__instance jet-button__instance--icon-left hover-effect-0\" href=\"https:\/\/wa.me\/905445354250\" target=\"_blank\" rel=\"noopener\">\n\t\t<div class=\"jet-button__plane jet-button__plane-normal\"><\/div>\n\t\t<div class=\"jet-button__plane jet-button__plane-hover\"><\/div>\n\t\t<div class=\"jet-button__state jet-button__state-normal\">\n\t\t\t<span class=\"jet-button__label\">WHATSAPP'TAN F\u0130YAT TEKL\u0130F\u0130 AL<\/span>\t\t<\/div>\n\t\t<div class=\"jet-button__state jet-button__state-hover\">\n\t\t\t<span class=\"jet-button__label\">WHATSAPP'TAN F\u0130YAT TEKL\u0130F\u0130 AL<\/span>\t\t<\/div>\n\t<\/a>\n<\/div>\n<\/div>\t\t\t\t<\/div>\n\t\t\t\t<\/div>\n\t\t\t\t<div class=\"elementor-element elementor-element-369cb5b elementor-widget__width-inherit elementor-widget elementor-widget-heading\" data-id=\"369cb5b\" data-element_type=\"widget\" data-e-type=\"widget\" data-widget_type=\"heading.default\">\n\t\t\t\t\t<h5 class=\"elementor-heading-title elementor-size-default\"><table data-path-to-node=\"64\" style=\"margin-bottom: 32px;, sans-serif !important;line-height: 1.15 !important;margin-top: 0px !important\"><thead style=\"line-height: 1.15 !important;margin-top: 0px !important\"><tr style=\"line-height: 1.15 !important;margin-top: 0px !important\"><td style=\"border: 1px solid;line-height: 1.15 !important;margin-top: 0px !important\"><strong style=\"line-height: 1.15 !important;margin-top: 0px !important;margin-bottom: 0px !important\">\u00d6ZELL\u0130K<\/strong><\/td><td style=\"border: 1px solid;line-height: 1.15 !important;margin-top: 0px !important\"><strong style=\"line-height: 1.15 !important;margin-top: 0px !important;margin-bottom: 0px !important\">DE\u011eER<\/strong><\/td><\/tr><\/thead><tbody style=\"line-height: 1.15 !important;margin-top: 0px !important\"><tr style=\"line-height: 1.15 !important;margin-top: 0px !important\"><td style=\"border: 1px solid;line-height: 1.15 !important;margin-top: 0px !important\"><span data-path-to-node=\"64,1,0,0\" style=\"line-height: 1.15 !important;margin-top: 0px !important\">Hammadde<\/span><\/td><td style=\"border: 1px solid;line-height: 1.15 !important;margin-top: 0px !important\"><span data-path-to-node=\"64,1,1,0\" style=\"line-height: 1.15 !important;margin-top: 0px !important\">%100 Orijinal LDPE<\/span><\/td><\/tr><tr style=\"line-height: 1.15 !important;margin-top: 0px !important\"><td style=\"border: 1px solid;line-height: 1.15 !important;margin-top: 0px !important\"><span data-path-to-node=\"64,2,0,0\" style=\"line-height: 1.15 !important;margin-top: 0px !important\">Uygulama \u015eekli<\/span><\/td><td style=\"border: 1px solid;line-height: 1.15 !important;margin-top: 0px !important\"><span data-path-to-node=\"64,2,1,0\" style=\"line-height: 1.15 !important;margin-top: 0px !important\">Is\u0131 Tabancas\u0131 veya Shrink T\u00fcneli<\/span><\/td><\/tr><tr style=\"line-height: 1.15 !important;margin-top: 0px !important\"><td style=\"border: 1px solid;line-height: 1.15 !important;margin-top: 0px !important\"><span data-path-to-node=\"64,3,0,0\" style=\"line-height: 1.15 !important;margin-top: 0px !important\">\u00d6l\u00e7\u00fcler<\/span><\/td><td style=\"border: 1px solid;line-height: 1.15 !important;margin-top: 0px !important\"><span data-path-to-node=\"64,3,1,0\" style=\"line-height: 1.15 !important;margin-top: 0px !important\">\u00dcr\u00fcn Ebat\u0131na G\u00f6re \u00d6zel \u00dcretim<\/span><\/td><\/tr><tr style=\"line-height: 1.15 !important;margin-top: 0px !important\"><td style=\"border: 1px solid;line-height: 1.15 !important;margin-top: 0px !important\"><span data-path-to-node=\"64,4,0,0\" style=\"line-height: 1.15 !important;margin-top: 0px !important\">G\u00f6r\u00fcn\u00fcm<\/span><\/td><td style=\"border: 1px solid;line-height: 1.15 !important;margin-top: 0px !important\"><span data-path-to-node=\"64,4,1,0\" style=\"line-height: 1.15 !important;margin-top: 0px !important\">Parlak ve \u015eeffaf (Vitrinde \u015e\u0131k Durur)<\/span><\/td><\/tr><tr style=\"line-height: 1.15 !important;margin-top: 0px !important\"><td style=\"border: 1px solid;line-height: 1.15 !important;margin-top: 0px !important\"><span data-path-to-node=\"64,5,0,0\" style=\"line-height: 1.15 !important;margin-top: 0px !important\">\u00d6zellik<\/span><\/td><td style=\"border: 1px solid;line-height: 1.15 !important;margin-top: 0px !important\"><span data-path-to-node=\"64,5,1,0\" style=\"line-height: 1.15 !important;margin-top: 0px !important\">Is\u0131 ile B\u00fcz\u00fclerek \u00dcr\u00fcn\u00fc Vakumlar<\/span><\/td><\/tr><tr style=\"line-height: 1.15 !important;margin-top: 0px !important\"><td style=\"border: 1px solid;line-height: 1.15 !important;margin-top: 0px !important\"><span data-path-to-node=\"64,6,0,0\" style=\"line-height: 1.15 !important;margin-top: 0px !important\">Kullan\u0131m Alan\u0131<\/span><\/td><td style=\"border: 1px solid;line-height: 1.15 !important;margin-top: 0px !important\"><span data-path-to-node=\"64,6,1,0\" style=\"line-height: 1.15 !important;margin-top: 0px !important\">Su \u015ei\u015fesi Paketleme, Konserve, Koli Gruplama<\/span><\/td><\/tr><\/tbody><\/table><\/h5>\t\t\t\t<\/div>\n\t\t\t\t<\/div>\n\t\t\t\t\t<\/div>\n\t\t\t\t<\/div>\n\t\t<div class=\"elementor-element elementor-element-82f5848 e-flex e-con-boxed e-con e-parent\" data-id=\"82f5848\" data-element_type=\"container\" data-e-type=\"container\" data-settings=\"{&quot;jet_parallax_layout_list&quot;:[]}\">\n\t\t\t\t\t<div class=\"e-con-inner\">\n\t\t\t\t<div class=\"elementor-element elementor-element-4ed9625 elementor-widget elementor-widget-heading\" data-id=\"4ed9625\" data-element_type=\"widget\" data-e-type=\"widget\" data-widget_type=\"heading.default\">\n\t\t\t\t\t<h2 class=\"elementor-heading-title elementor-size-default\">Manisa Fabrikadan Is\u0131 ile M\u00fckemmel Uyum:<br>End\u00fcstriyel Shrink (\u015eirnk) Film \u0130malat\u0131<\/h2>\t\t\t\t<\/div>\n\t\t\t\t<div class=\"elementor-element elementor-element-8a8e174 elementor-widget elementor-widget-heading\" data-id=\"8a8e174\" data-element_type=\"widget\" data-e-type=\"widget\" data-widget_type=\"heading.default\">\n\t\t\t\t\t<p class=\"elementor-heading-title elementor-size-default\"><p data-path-to-node=\"11\">Market raflar\u0131nda g\u00f6rd\u00fc\u011f\u00fcn\u00fcz o p\u0131r\u0131l p\u0131r\u0131l, 6'l\u0131 veya 12'li su paketlerini, konserveleri veya me\u015frubatlar\u0131 bir arada tutan g\u00fc\u00e7, do\u011fru shrink filmdir. S\u00fcsta\u015f Ambalaj olarak Manisa tesislerimizde \u00fcretti\u011fimiz <b data-path-to-node=\"11\" data-index-in-node=\"206\">End\u00fcstriyel Shrink Filmler (PE \u015eirnk)<\/b>, \u0131s\u0131 g\u00f6rd\u00fc\u011f\u00fcnde b\u00fcz\u00fclerek \u00fcr\u00fcn\u00fcn formunu alan ak\u0131ll\u0131 ambalajlard\u0131r. Orijinal LDPE (Al\u00e7ak Yo\u011funluklu Polietilen) hammaddeden \u00fcretilen filmlerimiz, sadece ta\u015f\u0131ma kolayl\u0131\u011f\u0131 sa\u011flamaz; ayn\u0131 zamanda \u00fcr\u00fcn\u00fcn\u00fcze \"raf parlakl\u0131\u011f\u0131\" katarak sat\u0131\u015f\u0131n\u0131 h\u0131zland\u0131r\u0131r.<\/p><h5 data-path-to-node=\"12\"><b data-path-to-node=\"12\" data-index-in-node=\"0\">Nas\u0131l \u00c7al\u0131\u015f\u0131r? Stre\u00e7 Filmden Fark\u0131 Nedir?<\/b><\/h5><p data-path-to-node=\"13\">Shrink filmi stre\u00e7 filmden ay\u0131ran en b\u00fcy\u00fck \u00f6zellik, <b data-path-to-node=\"13\" data-index-in-node=\"52\">\u0131s\u0131 ile aktif olmas\u0131d\u0131r<\/b>.<\/p><ol start=\"1\" data-path-to-node=\"14\"><li><p data-path-to-node=\"14,0,0\"><b data-path-to-node=\"14,0,0\" data-index-in-node=\"0\">Sarma:<\/b> \u00dcr\u00fcnleriniz (\u00f6rne\u011fin maden suyu \u015fi\u015feleri) film ile gev\u015fek\u00e7e sar\u0131l\u0131r.<\/p><\/li><li><p data-path-to-node=\"14,1,0\"><b data-path-to-node=\"14,1,0\" data-index-in-node=\"0\">Is\u0131 T\u00fcneli:<\/b> Paket, \u0131s\u0131 t\u00fcnelinden (f\u0131r\u0131n) ge\u00e7er.<\/p><\/li><li><p data-path-to-node=\"14,2,0\"><b data-path-to-node=\"14,2,0\" data-index-in-node=\"0\">B\u00fcz\u00fclme (Shrinking):<\/b> Film \u0131s\u0131y\u0131 g\u00f6r\u00fcnce enine ve boyuna b\u00fcz\u00fclerek \u00fcr\u00fcn\u00fc \"vakumlanm\u0131\u015f gibi\" s\u0131ms\u0131k\u0131 sarar.<\/p><\/li><li><p data-path-to-node=\"14,3,0\"><b data-path-to-node=\"14,3,0\" data-index-in-node=\"0\">So\u011fuma:<\/b> T\u00fcnelden \u00e7\u0131kan paket so\u011fudu\u011funda, film beton gibi sertle\u015fir ve \u00fcr\u00fcnleri tek bir blok haline getirir.<\/p><\/li><\/ol><h5 data-path-to-node=\"15\"><b data-path-to-node=\"15\" data-index-in-node=\"0\">Neden S\u00fcsta\u015f Shrink Film?<\/b><\/h5><p data-path-to-node=\"16\">Kalitesiz bir shrink film, \u0131s\u0131 t\u00fcnelinde delinir, y\u0131rt\u0131l\u0131r veya yeterince s\u0131kmaz (gev\u015fek kal\u0131r). Manisa fabrikam\u0131zda \u00fcretti\u011fimiz filmler ise:<\/p><ul data-path-to-node=\"17\"><li><p data-path-to-node=\"17,0,0\"><b data-path-to-node=\"17,0,0\" data-index-in-node=\"0\">Y\u00fcksek Parlakl\u0131k:<\/b> \u00dcr\u00fcnlerinizin rafta \"yeni ve temiz\" g\u00f6r\u00fcnmesini sa\u011flar. Mat ve donuk durmaz.<\/p><\/li><li><p data-path-to-node=\"17,1,0\"><b data-path-to-node=\"17,1,0\" data-index-in-node=\"0\">G\u00fc\u00e7l\u00fc Kaynak Tutu\u015fu:<\/b> Paketleme makinesinin kesti\u011fi ve yap\u0131\u015ft\u0131rd\u0131\u011f\u0131 yerlerden (kaynak diki\u015fi) asla patlama yapmaz.<\/p><\/li><li><p data-path-to-node=\"17,2,0\"><b data-path-to-node=\"17,2,0\" data-index-in-node=\"0\">Ta\u015f\u0131ma Mukavemeti:<\/b> 12'li litrelik sular\u0131 bile sadece naylonundan tutarak ta\u015f\u0131yabilirsiniz, kopmaz.<\/p><\/li><\/ul><h5 data-path-to-node=\"18\"><b data-path-to-node=\"18\" data-index-in-node=\"0\">Sekt\u00f6rlere G\u00f6re \u00d6zel Re\u00e7eteler<\/b><\/h5><p data-path-to-node=\"19\">Her \u00fcr\u00fcn\u00fcn paketleme s\u0131cakl\u0131\u011f\u0131 ve a\u011f\u0131rl\u0131\u011f\u0131 farkl\u0131d\u0131r. Bu y\u00fczden ihtiyac\u0131n\u0131za \u00f6zel \u00fcretim yap\u0131yoruz:<\/p><ul data-path-to-node=\"20\"><li><p data-path-to-node=\"20,0,0\"><b data-path-to-node=\"20,0,0\" data-index-in-node=\"0\">Tek Katl\u0131 \/ \u00c7ift Katl\u0131:<\/b> Otomatik dolum makineleri i\u00e7in tek kat, yar\u0131 otomatik makineler i\u00e7in \u00e7ift katl\u0131 rulo \u00fcretimi.<\/p><\/li><li><p data-path-to-node=\"20,1,0\"><b data-path-to-node=\"20,1,0\" data-index-in-node=\"0\">Bask\u0131l\u0131 Shrink:<\/b> Markan\u0131z\u0131n logosunu ve barkodunu film \u00fczerine basarak ambalaj\u0131 bedava reklam alan\u0131na d\u00f6n\u00fc\u015ft\u00fcr\u00fcyoruz.<\/p><\/li><li><p data-path-to-node=\"20,2,0\"><b data-path-to-node=\"20,2,0\" data-index-in-node=\"0\">Kal\u0131nl\u0131k:<\/b> Hafif \u00fcr\u00fcnler (yumurta kolisi vb.) i\u00e7in ince mikron, a\u011f\u0131r sanayi \u00fcr\u00fcnleri (seramik, mermer, metal par\u00e7a) i\u00e7in kal\u0131n mikron \u00fcretim.<\/p><\/li><\/ul><p data-path-to-node=\"21\">Manisa, \u0130zmir ve t\u00fcm Ege B\u00f6lgesi'ndeki su dolum tesisleri, konserve fabrikalar\u0131 ve mobilya \u00fcreticileri i\u00e7in en uygun toptan fiyatlar S\u00fcsta\u015f Ambalaj'da. Makinenize en uygun filmi belirlemek i\u00e7in numune talep edebilirsiniz.<\/p><\/p>\t\t\t\t<\/div>\n\t\t\t\t\t<\/div>\n\t\t\t\t<\/div>\n\t\t\t\t<\/div>\n\t\t","protected":false},"excerpt":{"rendered":"<p>shring END\u00dcSTR\u0130YEL SHRINK (\u015e\u0130RNK) F\u0130LM RULOSU (Is\u0131 ile b\u00fcz\u00fc\u015fen paketleme naylonu) Toptan Sat\u0131\u015f &amp; \u00dcretici Fiyatlar\u0131 Is\u0131 t\u00fcnelinden ge\u00e7ti\u011finde \u00fcr\u00fcn\u00fc s\u0131k\u0131ca sar\u0131p \u015feklini alan, paketleme ve gruplama ama\u00e7l\u0131 kullan\u0131lan parlak PE shrink filmler. WHATSAPP&#8217;TAN F\u0130YAT TEKL\u0130F\u0130 AL WHATSAPP&#8217;TAN F\u0130YAT TEKL\u0130F\u0130 AL \u00d6ZELL\u0130K DE\u011eER Hammadde %100 Orijinal LDPE Uygulama \u015eekli Is\u0131 Tabancas\u0131 veya Shrink T\u00fcneli \u00d6l\u00e7\u00fcler [&hellip;]<\/p>\n","protected":false},"author":1,"featured_media":0,"parent":0,"menu_order":0,"comment_status":"closed","ping_status":"closed","template":"elementor_header_footer","meta":{"_acf_changed":false,"footnotes":""},"class_list":["post-387","page","type-page","status-publish","hentry"],"acf":[],"_links":{"self":[{"href":"https:\/\/www.patpatnaylonureticisi.com\/index.php?rest_route=\/wp\/v2\/pages\/387","targetHints":{"allow":["GET"]}}],"collection":[{"href":"https:\/\/www.patpatnaylonureticisi.com\/index.php?rest_route=\/wp\/v2\/pages"}],"about":[{"href":"https:\/\/www.patpatnaylonureticisi.com\/index.php?rest_route=\/wp\/v2\/types\/page"}],"author":[{"embeddable":true,"href":"https:\/\/www.patpatnaylonureticisi.com\/index.php?rest_route=\/wp\/v2\/users\/1"}],"replies":[{"embeddable":true,"href":"https:\/\/www.patpatnaylonureticisi.com\/index.php?rest_route=%2Fwp%2Fv2%2Fcomments&post=387"}],"version-history":[{"count":13,"href":"https:\/\/www.patpatnaylonureticisi.com\/index.php?rest_route=\/wp\/v2\/pages\/387\/revisions"}],"predecessor-version":[{"id":581,"href":"https:\/\/www.patpatnaylonureticisi.com\/index.php?rest_route=\/wp\/v2\/pages\/387\/revisions\/581"}],"wp:attachment":[{"href":"https:\/\/www.patpatnaylonureticisi.com\/index.php?rest_route=%2Fwp%2Fv2%2Fmedia&parent=387"}],"curies":[{"name":"wp","href":"https:\/\/api.w.org\/{rel}","templated":true}]}}